{"id":1028,"date":"2026-01-30T17:57:32","date_gmt":"2026-01-30T17:57:32","guid":{"rendered":"https:\/\/luksicgiyim.com\/product\/siyah-firfirli-ozel-bolgesi-acik-tanga-tm1160\/"},"modified":"2026-01-30T17:59:13","modified_gmt":"2026-01-30T17:59:13","slug":"siyah-firfirli-ozel-bolgesi-acik-tanga-tm1160","status":"publish","type":"product","link":"https:\/\/luksicgiyim.com\/en\/product\/siyah-firfirli-ozel-bolgesi-acik-tanga-tm1160\/","title":{"rendered":"Siyah F\u0131rf\u0131rl\u0131 \u00d6zel B\u00f6lgesi A\u00e7\u0131k Tanga TM1160"},"content":{"rendered":"<ul>\n<li><span style=\"font-size: 14px;\"><font face=\"Arial\">%90 Polyester %10 Elastan<\/font><\/span><\/li>\n<li><span style=\"font-size: 14px;\"><font face=\"Arial\">&Uuml;r&uuml;nleri maksimum 30 derece suda ve elde y\u0131kay\u0131n\u0131z. Asarak kurutunuz.<\/font><\/span><\/li>\n<li><font face=\"Arial\"><span style=\"font-size: 14px;\">Gizli paketleme ile g&ouml;nderilir. Kargo&uuml;zerinde &uuml;r&uuml;n ad\u0131 ve i&ccedil;eri\u011fi kesinlikle yazmaz<\/span><span style=\"font-size: 14px;\">.<\/span><\/font><\/li>\n<li><font face=\"Arial\"><span style=\"font-size: 14px;\">Hijyen ko\u015fullar\u0131 nedeniyle i&ccedil; giyim &uuml;r&uuml;nlerinde iade ve de\u011fi\u015fim bulunmamaktad\u0131r.<\/span><\/font><\/li>\n<\/ul>\n","protected":false},"excerpt":{"rendered":"<p>%90 Polyester %10 Elastan &Uuml;r&uuml;nleri maksimum 30 derece suda ve elde y\u0131kay\u0131n\u0131z. Asarak kurutunuz. Gizli paketleme ile g&ouml;nderilir. Kargo&uuml;zerinde &uuml;r&uuml;n ad\u0131 ve i&ccedil;eri\u011fi kesinlikle yazmaz. Hijyen ko\u015fullar\u0131 nedeniyle i&ccedil; giyim &uuml;r&uuml;nlerinde iade ve de\u011fi\u015fim bulunmamaktad\u0131r.<\/p>\n","protected":false},"featured_media":1035,"comment_status":"open","ping_status":"open","template":"","meta":[],"product_brand":[80],"product_cat":[81,82],"product_tag":[83],"class_list":{"0":"post-1028","1":"product","2":"type-product","3":"status-publish","4":"has-post-thumbnail","6":"product_brand-leyna","7":"product_cat-fantazi-ic-giyim","8":"product_cat-fantazi-kulot","9":"product_tag-lyn","10":"pa_beden-2xl","11":"pa_beden-3xl","12":"pa_beden-l","13":"pa_beden-m","14":"pa_beden-s","15":"pa_beden-xl","16":"pa_renk-siyah","18":"first","19":"outofstock","20":"sale","21":"purchasable","22":"product-type-variable"},"_links":{"self":[{"href":"https:\/\/luksicgiyim.com\/en\/wp-json\/wp\/v2\/product\/1028","targetHints":{"allow":["GET"]}}],"collection":[{"href":"https:\/\/luksicgiyim.com\/en\/wp-json\/wp\/v2\/product"}],"about":[{"href":"https:\/\/luksicgiyim.com\/en\/wp-json\/wp\/v2\/types\/product"}],"replies":[{"embeddable":true,"href":"https:\/\/luksicgiyim.com\/en\/wp-json\/wp\/v2\/comments?post=1028"}],"wp:featuredmedia":[{"embeddable":true,"href":"https:\/\/luksicgiyim.com\/en\/wp-json\/wp\/v2\/media\/1035"}],"wp:attachment":[{"href":"https:\/\/luksicgiyim.com\/en\/wp-json\/wp\/v2\/media?parent=1028"}],"wp:term":[{"taxonomy":"product_brand","embeddable":true,"href":"https:\/\/luksicgiyim.com\/en\/wp-json\/wp\/v2\/product_brand?post=1028"},{"taxonomy":"product_cat","embeddable":true,"href":"https:\/\/luksicgiyim.com\/en\/wp-json\/wp\/v2\/product_cat?post=1028"},{"taxonomy":"product_tag","embeddable":true,"href":"https:\/\/luksicgiyim.com\/en\/wp-json\/wp\/v2\/product_tag?post=1028"}],"curies":[{"name":"wp","href":"https:\/\/api.w.org\/{rel}","templated":true}]}}