{"id":1087,"date":"2026-01-30T18:00:24","date_gmt":"2026-01-30T18:00:24","guid":{"rendered":"https:\/\/luksicgiyim.com\/product\/beyaz-ozel-bolgesi-acik-fantazi-kulot-tm1178\/"},"modified":"2026-01-30T18:02:04","modified_gmt":"2026-01-30T18:02:04","slug":"beyaz-ozel-bolgesi-acik-fantazi-kulot-tm1178","status":"publish","type":"product","link":"https:\/\/luksicgiyim.com\/en\/product\/beyaz-ozel-bolgesi-acik-fantazi-kulot-tm1178\/","title":{"rendered":"Beyaz \u00d6zel B\u00f6lgesi A\u00e7\u0131k Fantazi K\u00fclot TM1178"},"content":{"rendered":"<ul>\n<li><font face=\"Arial\"><span style=\"font-size: 14px;\">&Ouml;zel B&ouml;lgesi A&ccedil;\u0131k Fantazi K&uuml;lot<\/span><\/font><\/li>\n<li><span style=\"font-size: 14px;\"><font face=\"Arial\">%90 Polyester %10 Elastan<\/font><\/span><\/li>\n<li><span style=\"font-size: 14px;\"><font face=\"Arial\">&Uuml;r&uuml;nleri maksimum 30 derece suda ve elde y\u0131kay\u0131n\u0131z. Asarak kurutunuz.<\/font><\/span><\/li>\n<li><span style=\"font-size: 14px;\"><font face=\"Arial\">Gizli paketleme ile g&ouml;nderilir. Kargo &uuml;zerinde &uuml;r&uuml;n ad\u0131 ve i&ccedil;eri\u011fi kesinlikle yazmaz.<\/font><\/span><\/li>\n<li><span style=\"font-size: 14px;\"><font face=\"Arial\">Hijyen ko\u015fullar\u0131 nedeniyle i&ccedil; giyim &uuml;r&uuml;nlerinde iade ve de\u011fi\u015fim bulunmamaktad\u0131r.<\/font><\/span><\/li>\n<\/ul>\n<p>&nbsp;<\/p>\n<p>&nbsp;<\/p>\n","protected":false},"excerpt":{"rendered":"<p>&Ouml;zel B&ouml;lgesi A&ccedil;\u0131k Fantazi K&uuml;lot %90 Polyester %10 Elastan &Uuml;r&uuml;nleri maksimum 30 derece suda ve elde y\u0131kay\u0131n\u0131z. Asarak kurutunuz. Gizli paketleme ile g&ouml;nderilir. Kargo &uuml;zerinde &uuml;r&uuml;n ad\u0131 ve i&ccedil;eri\u011fi kesinlikle yazmaz. Hijyen ko\u015fullar\u0131 nedeniyle i&ccedil; giyim &uuml;r&uuml;nlerinde iade ve de\u011fi\u015fim bulunmamaktad\u0131r. &nbsp; &nbsp;<\/p>\n","protected":false},"featured_media":1092,"comment_status":"open","ping_status":"open","template":"","meta":[],"product_brand":[80],"product_cat":[81,82],"product_tag":[83],"class_list":{"0":"post-1087","1":"product","2":"type-product","3":"status-publish","4":"has-post-thumbnail","6":"product_brand-leyna","7":"product_cat-fantazi-ic-giyim","8":"product_cat-fantazi-kulot","9":"product_tag-lyn","10":"pa_beden-l","11":"pa_beden-l-xl","12":"pa_beden-m","13":"pa_beden-s","14":"pa_renk-beyaz","16":"first","17":"outofstock","18":"sale","19":"purchasable","20":"product-type-variable"},"_links":{"self":[{"href":"https:\/\/luksicgiyim.com\/en\/wp-json\/wp\/v2\/product\/1087","targetHints":{"allow":["GET"]}}],"collection":[{"href":"https:\/\/luksicgiyim.com\/en\/wp-json\/wp\/v2\/product"}],"about":[{"href":"https:\/\/luksicgiyim.com\/en\/wp-json\/wp\/v2\/types\/product"}],"replies":[{"embeddable":true,"href":"https:\/\/luksicgiyim.com\/en\/wp-json\/wp\/v2\/comments?post=1087"}],"wp:featuredmedia":[{"embeddable":true,"href":"https:\/\/luksicgiyim.com\/en\/wp-json\/wp\/v2\/media\/1092"}],"wp:attachment":[{"href":"https:\/\/luksicgiyim.com\/en\/wp-json\/wp\/v2\/media?parent=1087"}],"wp:term":[{"taxonomy":"product_brand","embeddable":true,"href":"https:\/\/luksicgiyim.com\/en\/wp-json\/wp\/v2\/product_brand?post=1087"},{"taxonomy":"product_cat","embeddable":true,"href":"https:\/\/luksicgiyim.com\/en\/wp-json\/wp\/v2\/product_cat?post=1087"},{"taxonomy":"product_tag","embeddable":true,"href":"https:\/\/luksicgiyim.com\/en\/wp-json\/wp\/v2\/product_tag?post=1087"}],"curies":[{"name":"wp","href":"https:\/\/api.w.org\/{rel}","templated":true}]}}