{"id":1252,"date":"2026-01-30T18:07:16","date_gmt":"2026-01-30T18:07:16","guid":{"rendered":"https:\/\/luksicgiyim.com\/product\/siyah-tul-fantazi-sutyen-ve-g-string-tm1202\/"},"modified":"2026-01-30T18:08:34","modified_gmt":"2026-01-30T18:08:34","slug":"siyah-tul-fantazi-sutyen-ve-g-string-tm1202","status":"publish","type":"product","link":"https:\/\/luksicgiyim.com\/en\/product\/siyah-tul-fantazi-sutyen-ve-g-string-tm1202\/","title":{"rendered":"Siyah T\u00fcl Fantazi S\u00fctyen ve G-String TM1202"},"content":{"rendered":"<ul>\n<li><font face=\"Verdana\"><span style=\"font-size: 14px;\">%90 Polyester %10 Elastan<\/span><\/font><\/li>\n<li><font face=\"Verdana\"><span style=\"font-size: 14px;\">&Uuml;r&uuml;nleri maksimum 30 derece suda ve elde y\u0131kay\u0131n\u0131z. Asarak kurutunuz.<\/span><\/font><\/li>\n<li><span style=\"font-size: 14px;\"><font face=\"Verdana\">Gizli paketleme ile haz\u0131rl\u0131yoruz. Kargo &uuml;zerinde &uuml;r&uuml;n ad\u0131 ve i&ccedil;eri\u011fi kesinlikle yazmaz.<\/font><\/span><\/li>\n<li><font face=\"Verdana\"><span style=\"font-size: 14px;\">Hijyen ko\u015fullar\u0131 nedeniyle i&ccedil; giyim &uuml;r&uuml;nlerinde iade ve de\u011fi\u015fim bulunmamaktad\u0131r.<\/span><\/font><\/li>\n<\/ul>\n<div>\n<p>&nbsp;<\/p>\n<\/div>\n<div>&nbsp;<\/div>\n","protected":false},"excerpt":{"rendered":"<p>%90 Polyester %10 Elastan &Uuml;r&uuml;nleri maksimum 30 derece suda ve elde y\u0131kay\u0131n\u0131z. Asarak kurutunuz. Gizli paketleme ile haz\u0131rl\u0131yoruz. Kargo &uuml;zerinde &uuml;r&uuml;n ad\u0131 ve i&ccedil;eri\u011fi kesinlikle yazmaz. Hijyen ko\u015fullar\u0131 nedeniyle i&ccedil; giyim &uuml;r&uuml;nlerinde iade ve de\u011fi\u015fim bulunmamaktad\u0131r. &nbsp; &nbsp;<\/p>\n","protected":false},"featured_media":1257,"comment_status":"open","ping_status":"open","template":"","meta":[],"product_brand":[80],"product_cat":[91,81],"product_tag":[83],"class_list":{"0":"post-1252","1":"product","2":"type-product","3":"status-publish","4":"has-post-thumbnail","6":"product_brand-leyna","7":"product_cat-fantazi-ic-camasiri","8":"product_cat-fantazi-ic-giyim","9":"product_tag-lyn","10":"pa_beden-l","11":"pa_beden-m","12":"pa_beden-s","13":"pa_beden-xl","14":"pa_renk-siyah","16":"first","17":"outofstock","18":"sale","19":"purchasable","20":"product-type-variable"},"_links":{"self":[{"href":"https:\/\/luksicgiyim.com\/en\/wp-json\/wp\/v2\/product\/1252","targetHints":{"allow":["GET"]}}],"collection":[{"href":"https:\/\/luksicgiyim.com\/en\/wp-json\/wp\/v2\/product"}],"about":[{"href":"https:\/\/luksicgiyim.com\/en\/wp-json\/wp\/v2\/types\/product"}],"replies":[{"embeddable":true,"href":"https:\/\/luksicgiyim.com\/en\/wp-json\/wp\/v2\/comments?post=1252"}],"wp:featuredmedia":[{"embeddable":true,"href":"https:\/\/luksicgiyim.com\/en\/wp-json\/wp\/v2\/media\/1257"}],"wp:attachment":[{"href":"https:\/\/luksicgiyim.com\/en\/wp-json\/wp\/v2\/media?parent=1252"}],"wp:term":[{"taxonomy":"product_brand","embeddable":true,"href":"https:\/\/luksicgiyim.com\/en\/wp-json\/wp\/v2\/product_brand?post=1252"},{"taxonomy":"product_cat","embeddable":true,"href":"https:\/\/luksicgiyim.com\/en\/wp-json\/wp\/v2\/product_cat?post=1252"},{"taxonomy":"product_tag","embeddable":true,"href":"https:\/\/luksicgiyim.com\/en\/wp-json\/wp\/v2\/product_tag?post=1252"}],"curies":[{"name":"wp","href":"https:\/\/api.w.org\/{rel}","templated":true}]}}