{"id":2628,"date":"2026-01-30T19:43:11","date_gmt":"2026-01-30T19:43:11","guid":{"rendered":"https:\/\/luksicgiyim.com\/product\/renkli-kedi-desenli-askili-sortlu-kadin-pijama-takimi\/"},"modified":"2026-01-30T19:43:26","modified_gmt":"2026-01-30T19:43:26","slug":"renkli-kedi-desenli-askili-sortlu-kadin-pijama-takimi","status":"publish","type":"product","link":"https:\/\/luksicgiyim.com\/en\/product\/renkli-kedi-desenli-askili-sortlu-kadin-pijama-takimi\/","title":{"rendered":"Renkli Kedi Desenli Ask\u0131l\u0131 \u015eortlu Kad\u0131n Pijama Tak\u0131m\u0131"},"content":{"rendered":"<p>Bu sevimli ve \u015f\u0131k pijama tak\u0131m\u0131yla rahatl\u0131k ve \u015f\u0131kl\u0131\u011f\u0131 bir arada bulacaks\u0131n\u0131z. Likral\u0131 mikro kuma\u015ftan &uuml;retilmi\u015f olan bu pijama tak\u0131m\u0131, %95 polyester ve %5 elastan kar\u0131\u015f\u0131m\u0131 ile hem yumu\u015fak hem de esnek bir yap\u0131ya sahiptir.<\/p>\n<p>Kedi desenli &uuml;st par&ccedil;a ve ask\u0131l\u0131 \u015fortlu alt par&ccedil;adan olu\u015fan bu tak\u0131m, evde rahat&ccedil;a vakit ge&ccedil;irmek i&ccedil;in m&uuml;kemmel bir se&ccedil;enektir. Yaz aylar\u0131nda serin ve konforlu hissetmenizi sa\u011flayacak olan bu pijama tak\u0131m\u0131, \u015f\u0131kl\u0131\u011f\u0131ndan &ouml;d&uuml;n vermeden gece giyimine farkl\u0131 bir hava katacak.<\/p>\n<p>Bu renkli ve e\u011flenceli pijama tak\u0131m\u0131, hem kendiniz i&ccedil;in hem de sevdikleriniz i&ccedil;in harika bir hediye se&ccedil;ene\u011fi olabilir. Uyurken veya evde vakit ge&ccedil;irirken \u015f\u0131kl\u0131\u011f\u0131 ve konforu bir arada arayanlar\u0131n tercihi olacak bu &uuml;r&uuml;n, gard\u0131robunuzun vazge&ccedil;ilmezi haline gelecek.<\/p>\n","protected":false},"excerpt":{"rendered":"<p>Bu sevimli ve \u015f\u0131k pijama tak\u0131m\u0131yla rahatl\u0131k ve \u015f\u0131kl\u0131\u011f\u0131 bir arada bulacaks\u0131n\u0131z. Likral\u0131 mikro kuma\u015ftan &uuml;retilmi\u015f olan bu pijama tak\u0131m\u0131, %95 polyester ve %5 elastan kar\u0131\u015f\u0131m\u0131 ile hem yumu\u015fak hem de esnek bir yap\u0131ya sahiptir. Kedi desenli &uuml;st par&ccedil;a ve ask\u0131l\u0131 \u015fortlu alt par&ccedil;adan olu\u015fan bu tak\u0131m, evde rahat&ccedil;a vakit ge&ccedil;irmek i&ccedil;in m&uuml;kemmel bir se&ccedil;enektir. [&#8230;]\n","protected":false},"featured_media":2633,"comment_status":"open","ping_status":"open","template":"","meta":[],"product_brand":[80],"product_cat":[115,126],"product_tag":[83],"class_list":{"0":"post-2628","1":"product","2":"type-product","3":"status-publish","4":"has-post-thumbnail","6":"product_brand-leyna","7":"product_cat-ev-giyim","8":"product_cat-sortlu-pijama-takimi","9":"product_tag-lyn","10":"pa_beden-l","11":"pa_beden-m","12":"pa_beden-s","13":"pa_beden-xl","14":"pa_renk-renkli","16":"first","17":"instock","18":"sale","19":"purchasable","20":"product-type-variable"},"_links":{"self":[{"href":"https:\/\/luksicgiyim.com\/en\/wp-json\/wp\/v2\/product\/2628","targetHints":{"allow":["GET"]}}],"collection":[{"href":"https:\/\/luksicgiyim.com\/en\/wp-json\/wp\/v2\/product"}],"about":[{"href":"https:\/\/luksicgiyim.com\/en\/wp-json\/wp\/v2\/types\/product"}],"replies":[{"embeddable":true,"href":"https:\/\/luksicgiyim.com\/en\/wp-json\/wp\/v2\/comments?post=2628"}],"wp:featuredmedia":[{"embeddable":true,"href":"https:\/\/luksicgiyim.com\/en\/wp-json\/wp\/v2\/media\/2633"}],"wp:attachment":[{"href":"https:\/\/luksicgiyim.com\/en\/wp-json\/wp\/v2\/media?parent=2628"}],"wp:term":[{"taxonomy":"product_brand","embeddable":true,"href":"https:\/\/luksicgiyim.com\/en\/wp-json\/wp\/v2\/product_brand?post=2628"},{"taxonomy":"product_cat","embeddable":true,"href":"https:\/\/luksicgiyim.com\/en\/wp-json\/wp\/v2\/product_cat?post=2628"},{"taxonomy":"product_tag","embeddable":true,"href":"https:\/\/luksicgiyim.com\/en\/wp-json\/wp\/v2\/product_tag?post=2628"}],"curies":[{"name":"wp","href":"https:\/\/api.w.org\/{rel}","templated":true}]}}