{"id":390,"date":"2026-01-30T17:41:13","date_gmt":"2026-01-30T17:41:13","guid":{"rendered":"https:\/\/luksicgiyim.com\/product\/kirmizi-yilbasi-ozel-fantazi-g-string-tm1043\/"},"modified":"2026-01-30T17:41:24","modified_gmt":"2026-01-30T17:41:24","slug":"kirmizi-yilbasi-ozel-fantazi-g-string-tm1043","status":"publish","type":"product","link":"https:\/\/luksicgiyim.com\/en\/product\/kirmizi-yilbasi-ozel-fantazi-g-string-tm1043\/","title":{"rendered":"K\u0131rm\u0131z\u0131 Y\u0131lba\u015f\u0131 \u00d6zel Fantazi G-String TM1043"},"content":{"rendered":"<div>\n<ul>\n<li><span style=\"font-size: 14px;\"><font face=\"Arial\">K\u0131rm\u0131z\u0131 Y\u0131lba\u015f\u0131 &Ouml;zel Fantazi G-String<\/font><\/span><\/li>\n<li><span style=\"font-size: 14px;\"><font face=\"Arial\">%90 Polyester %10 Elastan<\/font><\/span><\/li>\n<li><font face=\"Arial\"><span style=\"font-size: 14px;\">&Uuml;r&uuml;nleri maksimum 30 derece suda ve elde y\u0131kay\u0131n\u0131z. Asarak kurutunuz.<\/span><\/font><\/li>\n<li><span style=\"font-size: 14px;\"><font face=\"Arial\">Gizli paketleme ile g&ouml;nderilir. Kargo &uuml;zerinde &uuml;r&uuml;n ad\u0131 ve i&ccedil;eri\u011fikesinlikle yazmaz.<\/font><\/span><\/li>\n<li><span style=\"font-size: 14px;\"><font face=\"Arial\">Hijyen ko\u015fullar\u0131 nedeniyle i&ccedil; giyim &uuml;r&uuml;nlerinde iade ve de\u011fi\u015fim bulunmamaktad\u0131r.<\/font><\/span><\/li>\n<\/ul>\n<\/div>\n<div>&nbsp;<\/div>\n","protected":false},"excerpt":{"rendered":"<p>K\u0131rm\u0131z\u0131 Y\u0131lba\u015f\u0131 &Ouml;zel Fantazi G-String %90 Polyester %10 Elastan &Uuml;r&uuml;nleri maksimum 30 derece suda ve elde y\u0131kay\u0131n\u0131z. Asarak kurutunuz. Gizli paketleme ile g&ouml;nderilir. Kargo &uuml;zerinde &uuml;r&uuml;n ad\u0131 ve i&ccedil;eri\u011fikesinlikle yazmaz. Hijyen ko\u015fullar\u0131 nedeniyle i&ccedil; giyim &uuml;r&uuml;nlerinde iade ve de\u011fi\u015fim bulunmamaktad\u0131r. &nbsp;<\/p>\n","protected":false},"featured_media":394,"comment_status":"open","ping_status":"open","template":"","meta":[],"product_brand":[80],"product_cat":[81,82],"product_tag":[83],"class_list":{"0":"post-390","1":"product","2":"type-product","3":"status-publish","4":"has-post-thumbnail","6":"product_brand-leyna","7":"product_cat-fantazi-ic-giyim","8":"product_cat-fantazi-kulot","9":"product_tag-lyn","10":"pa_beden-l","11":"pa_beden-m","12":"pa_beden-s","13":"pa_renk-kirmizi","15":"first","16":"outofstock","17":"sale","18":"purchasable","19":"product-type-variable"},"_links":{"self":[{"href":"https:\/\/luksicgiyim.com\/en\/wp-json\/wp\/v2\/product\/390","targetHints":{"allow":["GET"]}}],"collection":[{"href":"https:\/\/luksicgiyim.com\/en\/wp-json\/wp\/v2\/product"}],"about":[{"href":"https:\/\/luksicgiyim.com\/en\/wp-json\/wp\/v2\/types\/product"}],"replies":[{"embeddable":true,"href":"https:\/\/luksicgiyim.com\/en\/wp-json\/wp\/v2\/comments?post=390"}],"wp:featuredmedia":[{"embeddable":true,"href":"https:\/\/luksicgiyim.com\/en\/wp-json\/wp\/v2\/media\/394"}],"wp:attachment":[{"href":"https:\/\/luksicgiyim.com\/en\/wp-json\/wp\/v2\/media?parent=390"}],"wp:term":[{"taxonomy":"product_brand","embeddable":true,"href":"https:\/\/luksicgiyim.com\/en\/wp-json\/wp\/v2\/product_brand?post=390"},{"taxonomy":"product_cat","embeddable":true,"href":"https:\/\/luksicgiyim.com\/en\/wp-json\/wp\/v2\/product_cat?post=390"},{"taxonomy":"product_tag","embeddable":true,"href":"https:\/\/luksicgiyim.com\/en\/wp-json\/wp\/v2\/product_tag?post=390"}],"curies":[{"name":"wp","href":"https:\/\/api.w.org\/{rel}","templated":true}]}}