{"id":417,"date":"2026-01-30T17:41:13","date_gmt":"2026-01-30T17:41:13","guid":{"rendered":"https:\/\/luksicgiyim.com\/product\/siyah-ozel-bolgesi-acik-fantazi-kulotlu-corap-tm2005\/"},"modified":"2026-01-30T17:41:24","modified_gmt":"2026-01-30T17:41:24","slug":"siyah-ozel-bolgesi-acik-fantazi-kulotlu-corap-tm2005","status":"publish","type":"product","link":"https:\/\/luksicgiyim.com\/en\/product\/siyah-ozel-bolgesi-acik-fantazi-kulotlu-corap-tm2005\/","title":{"rendered":"Siyah \u00d6zel B\u00f6lgesi A\u00e7\u0131k Fantazi K\u00fclotlu \u00c7orap TM2005"},"content":{"rendered":"<ul>\n<li><span style=\"font-size: 14px;\"><font face=\"Arial\">Siyah &Ouml;zel B&ouml;lgesi A&ccedil;\u0131k Fantazi K&uuml;lotlu &Ccedil;orap<\/font><\/span><\/li>\n<li><span style=\"font-size: 14px;\"><font face=\"Arial\">%90 Polyester %10 Elastan<\/font><\/span><\/li>\n<li><span style=\"font-size: 14px;\"><font face=\"Arial\">&Uuml;r&uuml;nleri maksimum 30 derece suda ve elde y\u0131kay\u0131n\u0131z. Asarak kurutunuz.<\/font><\/span><\/li>\n<li><span style=\"font-size: 14px;\"><font face=\"Arial\">Gizli paketleme ile g&ouml;nderilir. Kargo&uuml;zerinde &uuml;r&uuml;n ad\u0131 ve i&ccedil;eri\u011fi kesinlikle yazmaz.<\/font><\/span><\/li>\n<li><span style=\"font-size: 14px;\"><font face=\"Arial\">Hijyen ko\u015fullar\u0131 nedeniyle i&ccedil; giyim &uuml;r&uuml;nlerinde iade ve de\u011fi\u015fim bulunmamaktad\u0131r.<\/font><\/span><\/li>\n<\/ul>\n","protected":false},"excerpt":{"rendered":"<p>Siyah &Ouml;zel B&ouml;lgesi A&ccedil;\u0131k Fantazi K&uuml;lotlu &Ccedil;orap %90 Polyester %10 Elastan &Uuml;r&uuml;nleri maksimum 30 derece suda ve elde y\u0131kay\u0131n\u0131z. Asarak kurutunuz. Gizli paketleme ile g&ouml;nderilir. Kargo&uuml;zerinde &uuml;r&uuml;n ad\u0131 ve i&ccedil;eri\u011fi kesinlikle yazmaz. Hijyen ko\u015fullar\u0131 nedeniyle i&ccedil; giyim &uuml;r&uuml;nlerinde iade ve de\u011fi\u015fim bulunmamaktad\u0131r.<\/p>\n","protected":false},"featured_media":423,"comment_status":"open","ping_status":"open","template":"","meta":[],"product_brand":[80],"product_cat":[81,85],"product_tag":[83],"class_list":{"0":"post-417","1":"product","2":"type-product","3":"status-publish","4":"has-post-thumbnail","6":"product_brand-leyna","7":"product_cat-fantazi-ic-giyim","8":"product_cat-fantazi-kulotlu-corap","9":"product_tag-lyn","10":"pa_beden-l","11":"pa_beden-m","12":"pa_beden-s","13":"pa_beden-xl","14":"pa_beden-xs","15":"pa_renk-siyah","17":"first","18":"instock","19":"sale","20":"purchasable","21":"product-type-variable"},"_links":{"self":[{"href":"https:\/\/luksicgiyim.com\/en\/wp-json\/wp\/v2\/product\/417","targetHints":{"allow":["GET"]}}],"collection":[{"href":"https:\/\/luksicgiyim.com\/en\/wp-json\/wp\/v2\/product"}],"about":[{"href":"https:\/\/luksicgiyim.com\/en\/wp-json\/wp\/v2\/types\/product"}],"replies":[{"embeddable":true,"href":"https:\/\/luksicgiyim.com\/en\/wp-json\/wp\/v2\/comments?post=417"}],"wp:featuredmedia":[{"embeddable":true,"href":"https:\/\/luksicgiyim.com\/en\/wp-json\/wp\/v2\/media\/423"}],"wp:attachment":[{"href":"https:\/\/luksicgiyim.com\/en\/wp-json\/wp\/v2\/media?parent=417"}],"wp:term":[{"taxonomy":"product_brand","embeddable":true,"href":"https:\/\/luksicgiyim.com\/en\/wp-json\/wp\/v2\/product_brand?post=417"},{"taxonomy":"product_cat","embeddable":true,"href":"https:\/\/luksicgiyim.com\/en\/wp-json\/wp\/v2\/product_cat?post=417"},{"taxonomy":"product_tag","embeddable":true,"href":"https:\/\/luksicgiyim.com\/en\/wp-json\/wp\/v2\/product_tag?post=417"}],"curies":[{"name":"wp","href":"https:\/\/api.w.org\/{rel}","templated":true}]}}