{"id":426,"date":"2026-01-30T17:41:26","date_gmt":"2026-01-30T17:41:26","guid":{"rendered":"https:\/\/luksicgiyim.com\/product\/kirmizi-dantelli-fantazi-sutyen-ve-g-string-takim-tm2048\/"},"modified":"2026-01-30T17:41:39","modified_gmt":"2026-01-30T17:41:39","slug":"kirmizi-dantelli-fantazi-sutyen-ve-g-string-takim-tm2048","status":"publish","type":"product","link":"https:\/\/luksicgiyim.com\/en\/product\/kirmizi-dantelli-fantazi-sutyen-ve-g-string-takim-tm2048\/","title":{"rendered":"K\u0131rm\u0131z\u0131 Dantelli Fantazi S\u00fctyen ve G-String Tak\u0131m TM2048"},"content":{"rendered":"<ul>\n<li><font face=\"Arial\"><span style=\"font-size: 14px;\">K\u0131rm\u0131z\u0131 Dantelli Fantazi S&uuml;tyen ve G-String Tak\u0131m<\/span><\/font><\/li>\n<li><span style=\"font-size: 14px;\"><font face=\"Arial\">%90 Polyester %10 Elastan<\/font><\/span><\/li>\n<li><span style=\"font-size: 14px;\"><font face=\"Arial\">S&uuml;tyen ve Tanga olmak &uuml;zere 2 par&ccedil;adan olu\u015fmaktad\u0131r.<\/font><\/span><\/li>\n<li><font face=\"Arial\"><span style=\"font-size: 14px;\">&Uuml;r&uuml;nleri maksimum 30 derece suda ve elde y\u0131kay\u0131n\u0131z. Asarak kurutunuz.<\/span><\/font><\/li>\n<li><font face=\"Arial\"><span style=\"font-size: 14px; line-height: 107%;\">Gizli paketleme ile g&ouml;nderilir. Kargo &uuml;zerinde &uuml;r&uuml;n ad\u0131 ve i&ccedil;eri\u011fikesinlikle yazmaz<\/span><\/font><\/li>\n<li><span style=\"font-size: 14px;\"><font face=\"Arial\">Hijyen ko\u015fullar\u0131 nedeniyle i&ccedil; giyim &uuml;r&uuml;nlerinde iade ve de\u011fi\u015fim bulunmamaktad\u0131r.<\/font><\/span><\/li>\n<\/ul>\n<div>\n<p>&nbsp;<\/p>\n<\/div>\n","protected":false},"excerpt":{"rendered":"<p>K\u0131rm\u0131z\u0131 Dantelli Fantazi S&uuml;tyen ve G-String Tak\u0131m %90 Polyester %10 Elastan S&uuml;tyen ve Tanga olmak &uuml;zere 2 par&ccedil;adan olu\u015fmaktad\u0131r. &Uuml;r&uuml;nleri maksimum 30 derece suda ve elde y\u0131kay\u0131n\u0131z. Asarak kurutunuz. Gizli paketleme ile g&ouml;nderilir. Kargo &uuml;zerinde &uuml;r&uuml;n ad\u0131 ve i&ccedil;eri\u011fikesinlikle yazmaz Hijyen ko\u015fullar\u0131 nedeniyle i&ccedil; giyim &uuml;r&uuml;nlerinde iade ve de\u011fi\u015fim bulunmamaktad\u0131r. &nbsp;<\/p>\n","protected":false},"featured_media":431,"comment_status":"open","ping_status":"open","template":"","meta":[],"product_brand":[80],"product_cat":[91,81],"product_tag":[83],"class_list":{"0":"post-426","1":"product","2":"type-product","3":"status-publish","4":"has-post-thumbnail","6":"product_brand-leyna","7":"product_cat-fantazi-ic-camasiri","8":"product_cat-fantazi-ic-giyim","9":"product_tag-lyn","10":"pa_beden-l","11":"pa_beden-m","12":"pa_beden-s","13":"pa_beden-xl","14":"pa_renk-kirmizi","16":"first","17":"outofstock","18":"sale","19":"purchasable","20":"product-type-variable"},"_links":{"self":[{"href":"https:\/\/luksicgiyim.com\/en\/wp-json\/wp\/v2\/product\/426","targetHints":{"allow":["GET"]}}],"collection":[{"href":"https:\/\/luksicgiyim.com\/en\/wp-json\/wp\/v2\/product"}],"about":[{"href":"https:\/\/luksicgiyim.com\/en\/wp-json\/wp\/v2\/types\/product"}],"replies":[{"embeddable":true,"href":"https:\/\/luksicgiyim.com\/en\/wp-json\/wp\/v2\/comments?post=426"}],"wp:featuredmedia":[{"embeddable":true,"href":"https:\/\/luksicgiyim.com\/en\/wp-json\/wp\/v2\/media\/431"}],"wp:attachment":[{"href":"https:\/\/luksicgiyim.com\/en\/wp-json\/wp\/v2\/media?parent=426"}],"wp:term":[{"taxonomy":"product_brand","embeddable":true,"href":"https:\/\/luksicgiyim.com\/en\/wp-json\/wp\/v2\/product_brand?post=426"},{"taxonomy":"product_cat","embeddable":true,"href":"https:\/\/luksicgiyim.com\/en\/wp-json\/wp\/v2\/product_cat?post=426"},{"taxonomy":"product_tag","embeddable":true,"href":"https:\/\/luksicgiyim.com\/en\/wp-json\/wp\/v2\/product_tag?post=426"}],"curies":[{"name":"wp","href":"https:\/\/api.w.org\/{rel}","templated":true}]}}