{"id":512,"date":"2026-01-30T17:41:26","date_gmt":"2026-01-30T17:41:26","guid":{"rendered":"https:\/\/luksicgiyim.com\/product\/kirmizi-seksi-fantezi-babydoll-tm8130\/"},"modified":"2026-01-30T17:41:39","modified_gmt":"2026-01-30T17:41:39","slug":"kirmizi-seksi-fantezi-babydoll-tm8130","status":"publish","type":"product","link":"https:\/\/luksicgiyim.com\/en\/product\/kirmizi-seksi-fantezi-babydoll-tm8130\/","title":{"rendered":"K\u0131rm\u0131z\u0131 Seksi Fantezi Babydoll TM8130"},"content":{"rendered":"<ul>\n<li>K\u0131rm\u0131z\u0131 Seksi Fantezi Babydoll<\/li>\n<li>%90 Polyester %10 Elastan<\/li>\n<li>Tek par&ccedil;adan olu\u015fmaktad\u0131r.<\/li>\n<li>&Uuml;r&uuml;nleri maksimum 30 derece suda ve elde y\u0131kay\u0131n\u0131z. Asarak kurutunuz.<\/li>\n<li><span style=\"font-size: 14px;\">Gizli paketleme ile haz\u0131rlanmaktad\u0131r. Kargo &uuml;zerinde &uuml;r&uuml;n ad\u0131 ve i&ccedil;eri\u011fi kesinlikle yazmaz.<\/span><\/li>\n<li>Hijyen ko\u015fullar\u0131 nedeniyle i&ccedil; giyim &uuml;r&uuml;nlerinde iade ve de\u011fi\u015fim bulunmamaktad\u0131r.<\/li>\n<\/ul>\n","protected":false},"excerpt":{"rendered":"<p>K\u0131rm\u0131z\u0131 Seksi Fantezi Babydoll %90 Polyester %10 Elastan Tek par&ccedil;adan olu\u015fmaktad\u0131r. &Uuml;r&uuml;nleri maksimum 30 derece suda ve elde y\u0131kay\u0131n\u0131z. Asarak kurutunuz. Gizli paketleme ile haz\u0131rlanmaktad\u0131r. Kargo &uuml;zerinde &uuml;r&uuml;n ad\u0131 ve i&ccedil;eri\u011fi kesinlikle yazmaz. Hijyen ko\u015fullar\u0131 nedeniyle i&ccedil; giyim &uuml;r&uuml;nlerinde iade ve de\u011fi\u015fim bulunmamaktad\u0131r.<\/p>\n","protected":false},"featured_media":518,"comment_status":"open","ping_status":"open","template":"","meta":[],"product_brand":[80],"product_cat":[94,81],"product_tag":[83],"class_list":{"0":"post-512","1":"product","2":"type-product","3":"status-publish","4":"has-post-thumbnail","6":"product_brand-leyna","7":"product_cat-fantazi-babydoll","8":"product_cat-fantazi-ic-giyim","9":"product_tag-lyn","10":"pa_beden-l","11":"pa_beden-m","12":"pa_beden-s","13":"pa_beden-xl","14":"pa_beden-xs","15":"pa_renk-kirmizi","17":"first","18":"outofstock","19":"sale","20":"purchasable","21":"product-type-variable"},"_links":{"self":[{"href":"https:\/\/luksicgiyim.com\/en\/wp-json\/wp\/v2\/product\/512","targetHints":{"allow":["GET"]}}],"collection":[{"href":"https:\/\/luksicgiyim.com\/en\/wp-json\/wp\/v2\/product"}],"about":[{"href":"https:\/\/luksicgiyim.com\/en\/wp-json\/wp\/v2\/types\/product"}],"replies":[{"embeddable":true,"href":"https:\/\/luksicgiyim.com\/en\/wp-json\/wp\/v2\/comments?post=512"}],"wp:featuredmedia":[{"embeddable":true,"href":"https:\/\/luksicgiyim.com\/en\/wp-json\/wp\/v2\/media\/518"}],"wp:attachment":[{"href":"https:\/\/luksicgiyim.com\/en\/wp-json\/wp\/v2\/media?parent=512"}],"wp:term":[{"taxonomy":"product_brand","embeddable":true,"href":"https:\/\/luksicgiyim.com\/en\/wp-json\/wp\/v2\/product_brand?post=512"},{"taxonomy":"product_cat","embeddable":true,"href":"https:\/\/luksicgiyim.com\/en\/wp-json\/wp\/v2\/product_cat?post=512"},{"taxonomy":"product_tag","embeddable":true,"href":"https:\/\/luksicgiyim.com\/en\/wp-json\/wp\/v2\/product_tag?post=512"}],"curies":[{"name":"wp","href":"https:\/\/api.w.org\/{rel}","templated":true}]}}