{"id":524,"date":"2026-01-30T17:41:41","date_gmt":"2026-01-30T17:41:41","guid":{"rendered":"https:\/\/luksicgiyim.com\/product\/beyaz-eller-kelepceli-jartiyer-takim-tm8139\/"},"modified":"2026-01-30T17:41:52","modified_gmt":"2026-01-30T17:41:52","slug":"beyaz-eller-kelepceli-jartiyer-takim-tm8139","status":"publish","type":"product","link":"https:\/\/luksicgiyim.com\/en\/product\/beyaz-eller-kelepceli-jartiyer-takim-tm8139\/","title":{"rendered":"Beyaz Eller Kelep\u00e7eli Jartiyer Tak\u0131m TM8139"},"content":{"rendered":"<ul>\n<li><span style=\"font-size: 14px;\">Beyaz Eller Kelep&ccedil;eli Jartiyer Tak\u0131m<\/span><\/li>\n<li><span style=\"font-size: 14px;\">%90 Polyester %10 Elastan<\/span><\/li>\n<li><span style=\"font-size: 14px;\">Jartiyerli Bodysuit Tanga Kuma\u015f Kelep&ccedil;e ve Standart D&uuml;z Jartiyer &Ccedil;orab\u0131 olmak &uuml;zere 4 par&ccedil;adan olu\u015fmaktad\u0131r.<\/span><\/li>\n<li><span style=\"font-family: raleway sans-serif; font-size: 14px;\">Beyaz dantelin verdi\u011fi &ccedil;ekicilik ve sadeli\u011fi size yans\u0131tacak olan jartiyer tak\u0131m\u0131 fantazi i&ccedil; giyim m&uuml;\u015fterilerinin en &ccedil;ok tercih etti\u011fi modeller aras\u0131nda hep ilk s\u0131rada yerini alm\u0131\u015ft\u0131r.<\/span><\/li>\n<li><span style=\"font-size: 14px;\">&Uuml;r&uuml;nleri maksimum 30 derece suda ve elde y\u0131kay\u0131n\u0131z. Asarak kurutunuz.<\/span><\/li>\n<li><span style=\"font-size: 14px;\">Gizli paketleme ile haz\u0131rl\u0131yoruz. Kargo &uuml;zerinde &uuml;r&uuml;n ad\u0131 ve i&ccedil;eri\u011fi kesinlikle yazmaz.<\/span><\/li>\n<li><span style=\"font-size: 14px;\">Hijyen ko\u015fullar\u0131 nedeniyle i&ccedil; giyim &uuml;r&uuml;nlerinde iade ve de\u011fi\u015fim bulunmamaktad\u0131r.<\/span><\/li>\n<li>Sipari\u015flerinizi Saat 17.00 &#8216;e kadar olu\u015fturdu\u011funuzda ayn\u0131 g&uuml;n kargoya verilmektedir.<\/li>\n<\/ul>\n","protected":false},"excerpt":{"rendered":"<p>Beyaz Eller Kelep&ccedil;eli Jartiyer Tak\u0131m %90 Polyester %10 Elastan Jartiyerli Bodysuit Tanga Kuma\u015f Kelep&ccedil;e ve Standart D&uuml;z Jartiyer &Ccedil;orab\u0131 olmak &uuml;zere 4 par&ccedil;adan olu\u015fmaktad\u0131r. Beyaz dantelin verdi\u011fi &ccedil;ekicilik ve sadeli\u011fi size yans\u0131tacak olan jartiyer tak\u0131m\u0131 fantazi i&ccedil; giyim m&uuml;\u015fterilerinin en &ccedil;ok tercih etti\u011fi modeller aras\u0131nda hep ilk s\u0131rada yerini alm\u0131\u015ft\u0131r. &Uuml;r&uuml;nleri maksimum 30 derece suda [&#8230;]\n","protected":false},"featured_media":529,"comment_status":"open","ping_status":"open","template":"","meta":[],"product_brand":[80],"product_cat":[81,95],"product_tag":[83],"class_list":{"0":"post-524","1":"product","2":"type-product","3":"status-publish","4":"has-post-thumbnail","6":"product_brand-leyna","7":"product_cat-fantazi-ic-giyim","8":"product_cat-jartiyer","9":"product_tag-lyn","10":"pa_beden-l","11":"pa_beden-m","12":"pa_beden-s","13":"pa_beden-xl","14":"pa_renk-beyaz","16":"first","17":"outofstock","18":"sale","19":"purchasable","20":"product-type-variable"},"_links":{"self":[{"href":"https:\/\/luksicgiyim.com\/en\/wp-json\/wp\/v2\/product\/524","targetHints":{"allow":["GET"]}}],"collection":[{"href":"https:\/\/luksicgiyim.com\/en\/wp-json\/wp\/v2\/product"}],"about":[{"href":"https:\/\/luksicgiyim.com\/en\/wp-json\/wp\/v2\/types\/product"}],"replies":[{"embeddable":true,"href":"https:\/\/luksicgiyim.com\/en\/wp-json\/wp\/v2\/comments?post=524"}],"wp:featuredmedia":[{"embeddable":true,"href":"https:\/\/luksicgiyim.com\/en\/wp-json\/wp\/v2\/media\/529"}],"wp:attachment":[{"href":"https:\/\/luksicgiyim.com\/en\/wp-json\/wp\/v2\/media?parent=524"}],"wp:term":[{"taxonomy":"product_brand","embeddable":true,"href":"https:\/\/luksicgiyim.com\/en\/wp-json\/wp\/v2\/product_brand?post=524"},{"taxonomy":"product_cat","embeddable":true,"href":"https:\/\/luksicgiyim.com\/en\/wp-json\/wp\/v2\/product_cat?post=524"},{"taxonomy":"product_tag","embeddable":true,"href":"https:\/\/luksicgiyim.com\/en\/wp-json\/wp\/v2\/product_tag?post=524"}],"curies":[{"name":"wp","href":"https:\/\/api.w.org\/{rel}","templated":true}]}}