{"id":619,"date":"2026-01-30T17:41:54","date_gmt":"2026-01-30T17:41:54","guid":{"rendered":"https:\/\/luksicgiyim.com\/product\/beyaz-dantelli-tanga-tm1165\/"},"modified":"2026-01-30T17:43:54","modified_gmt":"2026-01-30T17:43:54","slug":"beyaz-dantelli-tanga-tm1165","status":"publish","type":"product","link":"https:\/\/luksicgiyim.com\/en\/product\/beyaz-dantelli-tanga-tm1165\/","title":{"rendered":"Beyaz Dantelli Tanga TM1165"},"content":{"rendered":"<ul>\n<li>%90 Polyester %10 Elastan<\/li>\n<li>&Uuml;r&uuml;n 1 Par&ccedil;adan Olu\u015fmaktad\u0131r. ( Fantezi T&uuml;l Tanga)<\/li>\n<li>&Uuml;r&uuml;nleri maksimum 30 derece suda ve elde y\u0131kay\u0131n\u0131z. Asarak kurutunuz.<\/li>\n<li>Gizli paketleme ile haz\u0131rl\u0131yoruz. Kargo &uuml;zerinde &uuml;r&uuml;n ad\u0131 ve i&ccedil;eri\u011fi kesinlikle yazmaz.<\/li>\n<\/ul>\n","protected":false},"excerpt":{"rendered":"<p>%90 Polyester %10 Elastan &Uuml;r&uuml;n 1 Par&ccedil;adan Olu\u015fmaktad\u0131r. ( Fantezi T&uuml;l Tanga) &Uuml;r&uuml;nleri maksimum 30 derece suda ve elde y\u0131kay\u0131n\u0131z. Asarak kurutunuz. Gizli paketleme ile haz\u0131rl\u0131yoruz. Kargo &uuml;zerinde &uuml;r&uuml;n ad\u0131 ve i&ccedil;eri\u011fi kesinlikle yazmaz.<\/p>\n","protected":false},"featured_media":626,"comment_status":"open","ping_status":"open","template":"","meta":[],"product_brand":[80],"product_cat":[81,82],"product_tag":[83],"class_list":{"0":"post-619","1":"product","2":"type-product","3":"status-publish","4":"has-post-thumbnail","6":"product_brand-leyna","7":"product_cat-fantazi-ic-giyim","8":"product_cat-fantazi-kulot","9":"product_tag-lyn","10":"pa_beden-2xl","11":"pa_beden-3xl","12":"pa_beden-l","13":"pa_beden-m","14":"pa_beden-s","15":"pa_beden-xl","16":"pa_renk-beyaz","18":"first","19":"instock","20":"sale","21":"purchasable","22":"product-type-variable"},"_links":{"self":[{"href":"https:\/\/luksicgiyim.com\/en\/wp-json\/wp\/v2\/product\/619","targetHints":{"allow":["GET"]}}],"collection":[{"href":"https:\/\/luksicgiyim.com\/en\/wp-json\/wp\/v2\/product"}],"about":[{"href":"https:\/\/luksicgiyim.com\/en\/wp-json\/wp\/v2\/types\/product"}],"replies":[{"embeddable":true,"href":"https:\/\/luksicgiyim.com\/en\/wp-json\/wp\/v2\/comments?post=619"}],"wp:featuredmedia":[{"embeddable":true,"href":"https:\/\/luksicgiyim.com\/en\/wp-json\/wp\/v2\/media\/626"}],"wp:attachment":[{"href":"https:\/\/luksicgiyim.com\/en\/wp-json\/wp\/v2\/media?parent=619"}],"wp:term":[{"taxonomy":"product_brand","embeddable":true,"href":"https:\/\/luksicgiyim.com\/en\/wp-json\/wp\/v2\/product_brand?post=619"},{"taxonomy":"product_cat","embeddable":true,"href":"https:\/\/luksicgiyim.com\/en\/wp-json\/wp\/v2\/product_cat?post=619"},{"taxonomy":"product_tag","embeddable":true,"href":"https:\/\/luksicgiyim.com\/en\/wp-json\/wp\/v2\/product_tag?post=619"}],"curies":[{"name":"wp","href":"https:\/\/api.w.org\/{rel}","templated":true}]}}