{"id":670,"date":"2026-01-30T17:41:54","date_gmt":"2026-01-30T17:41:54","guid":{"rendered":"https:\/\/luksicgiyim.com\/product\/siyah-buyuk-beden-fantazi-jartiyer-takim-tm3261s\/"},"modified":"2026-01-30T17:43:54","modified_gmt":"2026-01-30T17:43:54","slug":"siyah-buyuk-beden-fantazi-jartiyer-takim-tm3261s","status":"publish","type":"product","link":"https:\/\/luksicgiyim.com\/en\/product\/siyah-buyuk-beden-fantazi-jartiyer-takim-tm3261s\/","title":{"rendered":"Siyah B\u00fcy\u00fck Beden Fantazi Jartiyer Tak\u0131m TM3261S"},"content":{"rendered":"<ul>\n<li>&Uuml;r&uuml;n 3 par&ccedil;adan olu\u015fmaktad\u0131r. Gecelik K&uuml;lot ve Standart D&uuml;z Dantelsiz Siyah&nbsp;&Ccedil;orap.<\/li>\n<li>&Uuml;r&uuml;nleri maksimum 30 derece suda ve elde y\u0131kay\u0131n\u0131z. Asarak kurutunuz.<\/li>\n<li>Gizli paketleme kargo &uuml;zerinde &uuml;r&uuml;n ad\u0131 ve i&ccedil;eri\u011fi kesinlikle yazmaz.<\/li>\n<li>Hijyen ko\u015fullar\u0131 nedeniyle i&ccedil; giyim &uuml;r&uuml;nlerinde iade ve de\u011fi\u015fim bulunmamaktad\u0131r.<\/li>\n<\/ul>\n","protected":false},"excerpt":{"rendered":"<p>&Uuml;r&uuml;n 3 par&ccedil;adan olu\u015fmaktad\u0131r. Gecelik K&uuml;lot ve Standart D&uuml;z Dantelsiz Siyah&nbsp;&Ccedil;orap. &Uuml;r&uuml;nleri maksimum 30 derece suda ve elde y\u0131kay\u0131n\u0131z. Asarak kurutunuz. Gizli paketleme kargo &uuml;zerinde &uuml;r&uuml;n ad\u0131 ve i&ccedil;eri\u011fi kesinlikle yazmaz. Hijyen ko\u015fullar\u0131 nedeniyle i&ccedil; giyim &uuml;r&uuml;nlerinde iade ve de\u011fi\u015fim bulunmamaktad\u0131r.<\/p>\n","protected":false},"featured_media":673,"comment_status":"open","ping_status":"open","template":"","meta":[],"product_brand":[80],"product_cat":[81,95],"product_tag":[83],"class_list":{"0":"post-670","1":"product","2":"type-product","3":"status-publish","4":"has-post-thumbnail","6":"product_brand-leyna","7":"product_cat-fantazi-ic-giyim","8":"product_cat-jartiyer","9":"product_tag-lyn","10":"pa_beden-2xl","11":"pa_beden-3xl","12":"pa_renk-siyah","14":"first","15":"instock","16":"sale","17":"purchasable","18":"product-type-variable"},"_links":{"self":[{"href":"https:\/\/luksicgiyim.com\/en\/wp-json\/wp\/v2\/product\/670","targetHints":{"allow":["GET"]}}],"collection":[{"href":"https:\/\/luksicgiyim.com\/en\/wp-json\/wp\/v2\/product"}],"about":[{"href":"https:\/\/luksicgiyim.com\/en\/wp-json\/wp\/v2\/types\/product"}],"replies":[{"embeddable":true,"href":"https:\/\/luksicgiyim.com\/en\/wp-json\/wp\/v2\/comments?post=670"}],"wp:featuredmedia":[{"embeddable":true,"href":"https:\/\/luksicgiyim.com\/en\/wp-json\/wp\/v2\/media\/673"}],"wp:attachment":[{"href":"https:\/\/luksicgiyim.com\/en\/wp-json\/wp\/v2\/media?parent=670"}],"wp:term":[{"taxonomy":"product_brand","embeddable":true,"href":"https:\/\/luksicgiyim.com\/en\/wp-json\/wp\/v2\/product_brand?post=670"},{"taxonomy":"product_cat","embeddable":true,"href":"https:\/\/luksicgiyim.com\/en\/wp-json\/wp\/v2\/product_cat?post=670"},{"taxonomy":"product_tag","embeddable":true,"href":"https:\/\/luksicgiyim.com\/en\/wp-json\/wp\/v2\/product_tag?post=670"}],"curies":[{"name":"wp","href":"https:\/\/api.w.org\/{rel}","templated":true}]}}