{"id":718,"date":"2026-01-30T17:45:01","date_gmt":"2026-01-30T17:45:01","guid":{"rendered":"https:\/\/luksicgiyim.com\/product\/siyah-mikro-bikini-g-string-takimi-tm1102\/"},"modified":"2026-01-30T17:45:19","modified_gmt":"2026-01-30T17:45:19","slug":"siyah-mikro-bikini-g-string-takimi-tm1102","status":"publish","type":"product","link":"https:\/\/luksicgiyim.com\/en\/product\/siyah-mikro-bikini-g-string-takimi-tm1102\/","title":{"rendered":"Siyah Mikro Bikini G-String Tak\u0131m\u0131 TM1102"},"content":{"rendered":"<ul>\n<li>%90 Polyester %10 Elastan<\/li>\n<li>&Uuml;r&uuml;nleri maksimum 30 derece suda ve elde y\u0131kay\u0131n\u0131z. Asarak kurutunuz.<\/li>\n<li>Gizli paketleme ile g&ouml;nderilir. Kargo &uuml;zerinde &uuml;r&uuml;n ad\u0131 ve i&ccedil;eri\u011fi kesinlikle yazmaz<\/li>\n<li>Hijyen ko\u015fullar\u0131 nedeniyle i&ccedil; giyim &uuml;r&uuml;nlerinde iade ve de\u011fi\u015fim bulunmamaktad\u0131r.<\/li>\n<\/ul>\n","protected":false},"excerpt":{"rendered":"<p>%90 Polyester %10 Elastan &Uuml;r&uuml;nleri maksimum 30 derece suda ve elde y\u0131kay\u0131n\u0131z. Asarak kurutunuz. Gizli paketleme ile g&ouml;nderilir. Kargo &uuml;zerinde &uuml;r&uuml;n ad\u0131 ve i&ccedil;eri\u011fi kesinlikle yazmaz Hijyen ko\u015fullar\u0131 nedeniyle i&ccedil; giyim &uuml;r&uuml;nlerinde iade ve de\u011fi\u015fim bulunmamaktad\u0131r.<\/p>\n","protected":false},"featured_media":723,"comment_status":"open","ping_status":"open","template":"","meta":[],"product_brand":[80],"product_cat":[91,81],"product_tag":[83],"class_list":{"0":"post-718","1":"product","2":"type-product","3":"status-publish","4":"has-post-thumbnail","6":"product_brand-leyna","7":"product_cat-fantazi-ic-camasiri","8":"product_cat-fantazi-ic-giyim","9":"product_tag-lyn","10":"pa_beden-l","11":"pa_beden-l-xl","12":"pa_beden-m","13":"pa_beden-s","14":"pa_renk-siyah","16":"first","17":"outofstock","18":"sale","19":"purchasable","20":"product-type-variable"},"_links":{"self":[{"href":"https:\/\/luksicgiyim.com\/en\/wp-json\/wp\/v2\/product\/718","targetHints":{"allow":["GET"]}}],"collection":[{"href":"https:\/\/luksicgiyim.com\/en\/wp-json\/wp\/v2\/product"}],"about":[{"href":"https:\/\/luksicgiyim.com\/en\/wp-json\/wp\/v2\/types\/product"}],"replies":[{"embeddable":true,"href":"https:\/\/luksicgiyim.com\/en\/wp-json\/wp\/v2\/comments?post=718"}],"wp:featuredmedia":[{"embeddable":true,"href":"https:\/\/luksicgiyim.com\/en\/wp-json\/wp\/v2\/media\/723"}],"wp:attachment":[{"href":"https:\/\/luksicgiyim.com\/en\/wp-json\/wp\/v2\/media?parent=718"}],"wp:term":[{"taxonomy":"product_brand","embeddable":true,"href":"https:\/\/luksicgiyim.com\/en\/wp-json\/wp\/v2\/product_brand?post=718"},{"taxonomy":"product_cat","embeddable":true,"href":"https:\/\/luksicgiyim.com\/en\/wp-json\/wp\/v2\/product_cat?post=718"},{"taxonomy":"product_tag","embeddable":true,"href":"https:\/\/luksicgiyim.com\/en\/wp-json\/wp\/v2\/product_tag?post=718"}],"curies":[{"name":"wp","href":"https:\/\/api.w.org\/{rel}","templated":true}]}}