{"id":784,"date":"2026-01-30T17:49:16","date_gmt":"2026-01-30T17:49:16","guid":{"rendered":"https:\/\/luksicgiyim.com\/product\/fusya-seksi-tasarim-deri-gorunumlu-fantazi-elbise-tm1098\/"},"modified":"2026-01-30T17:49:57","modified_gmt":"2026-01-30T17:49:57","slug":"fusya-seksi-tasarim-deri-gorunumlu-fantazi-elbise-tm1098","status":"publish","type":"product","link":"https:\/\/luksicgiyim.com\/en\/product\/fusya-seksi-tasarim-deri-gorunumlu-fantazi-elbise-tm1098\/","title":{"rendered":"Fu\u015fya Seksi Tasar\u0131m Deri G\u00f6r\u00fcn\u00fcml\u00fc Fantazi Elbise TM1098"},"content":{"rendered":"<ul>\n<li>Gizli Paketleme!<\/li>\n<li>Hijyen ko\u015fullar\u0131 nedeniyle i&ccedil; giyim &uuml;r&uuml;nlerinde iade ve de\u011fi\u015fim bulunmamaktad\u0131r.<\/li>\n<li>Paket i&ccedil;eri\u011fi 1 par&ccedil;adan olu\u015fmaktad\u0131r.<\/li>\n<li>30 derecelik suda elde y\u0131kay\u0131n\u0131z g&ouml;lgede kurumaya b\u0131rak\u0131n\u0131z a\u011fart\u0131c\u0131 kullanmay\u0131n\u0131z.<\/li>\n<\/ul>\n","protected":false},"excerpt":{"rendered":"<p>Gizli Paketleme! Hijyen ko\u015fullar\u0131 nedeniyle i&ccedil; giyim &uuml;r&uuml;nlerinde iade ve de\u011fi\u015fim bulunmamaktad\u0131r. Paket i&ccedil;eri\u011fi 1 par&ccedil;adan olu\u015fmaktad\u0131r. 30 derecelik suda elde y\u0131kay\u0131n\u0131z g&ouml;lgede kurumaya b\u0131rak\u0131n\u0131z a\u011fart\u0131c\u0131 kullanmay\u0131n\u0131z.<\/p>\n","protected":false},"featured_media":789,"comment_status":"open","ping_status":"open","template":"","meta":[],"product_brand":[80],"product_cat":[90,81],"product_tag":[83],"class_list":{"0":"post-784","1":"product","2":"type-product","3":"status-publish","4":"has-post-thumbnail","6":"product_brand-leyna","7":"product_cat-fantazi-elbise","8":"product_cat-fantazi-ic-giyim","9":"product_tag-lyn","10":"pa_beden-l","11":"pa_beden-m","12":"pa_beden-s","13":"pa_beden-xl","14":"pa_renk-fusya","16":"first","17":"instock","18":"sale","19":"purchasable","20":"product-type-variable"},"_links":{"self":[{"href":"https:\/\/luksicgiyim.com\/en\/wp-json\/wp\/v2\/product\/784","targetHints":{"allow":["GET"]}}],"collection":[{"href":"https:\/\/luksicgiyim.com\/en\/wp-json\/wp\/v2\/product"}],"about":[{"href":"https:\/\/luksicgiyim.com\/en\/wp-json\/wp\/v2\/types\/product"}],"replies":[{"embeddable":true,"href":"https:\/\/luksicgiyim.com\/en\/wp-json\/wp\/v2\/comments?post=784"}],"wp:featuredmedia":[{"embeddable":true,"href":"https:\/\/luksicgiyim.com\/en\/wp-json\/wp\/v2\/media\/789"}],"wp:attachment":[{"href":"https:\/\/luksicgiyim.com\/en\/wp-json\/wp\/v2\/media?parent=784"}],"wp:term":[{"taxonomy":"product_brand","embeddable":true,"href":"https:\/\/luksicgiyim.com\/en\/wp-json\/wp\/v2\/product_brand?post=784"},{"taxonomy":"product_cat","embeddable":true,"href":"https:\/\/luksicgiyim.com\/en\/wp-json\/wp\/v2\/product_cat?post=784"},{"taxonomy":"product_tag","embeddable":true,"href":"https:\/\/luksicgiyim.com\/en\/wp-json\/wp\/v2\/product_tag?post=784"}],"curies":[{"name":"wp","href":"https:\/\/api.w.org\/{rel}","templated":true}]}}